{"id":53,"date":"2018-08-24T10:13:55","date_gmt":"2018-08-24T08:13:55","guid":{"rendered":"http:\/\/www.dm1mt.de\/?page_id=53"},"modified":"2020-12-25T11:09:23","modified_gmt":"2020-12-25T10:09:23","slug":"dummyload-2kw","status":"publish","type":"page","link":"http:\/\/www.dm1mt.de\/index.php\/dummyload-2kw\/","title":{"rendered":"Selbstbau Dummyload 2KW"},"content":{"rendered":"<p>Selbstbau einer 2KW Dummyload mit 4 x 500 Watt Hochlastwiderst\u00e4nden.<\/p>\n<p>Eine Dummyload geh\u00f6rt meines Erachtens in jedes vern\u00fcnftige Shack. Sp\u00e4testens bei Ger\u00e4tetests und Reparaturen an Funkger\u00e4ten und Endstufen stellt sich die Frage wohin mit der produzierten Hochfrequenz. Ohne Dummyload wird es wohl die Antenne sein&#8230; mit allen Nachteilen und Bel\u00e4stigung anderer Funkfreunde. Wer kennt nicht die Ohhlahh, PfeifPfeif, Einszwodrei Aussendungen.<\/p>\n<p>Es gibt Dummyloads k\u00e4uflich zu erwerben oder aus dem Surplus Markt aber irgendwas hat mich immer an dem Angebot gest\u00f6rt.<\/p>\n<p>Entweder nur f\u00fcr 100W ausgelegt oder f\u00fcr 1KW aber nur f\u00fcr kurze Zeit oder gef\u00fchlt 1000 Widerst\u00e4nde in \u00d6l eingelegt. Fand ich alles nicht gut und daher bleibt wie \u00fcblich der Selbstbau \u00fcbrig.<\/p>\n<p>Was eigentlich gar nichts schlimmes ist, denn man kann seine Ger\u00e4te so bauen wie man sie gerne h\u00e4tte.<\/p>\n<p>Die nachfolgenden Bilder sollen keine exakte Bauanleitung darstellen. Eher als Ideengeber wie man sich dem Selbstbau einer Dummyload f\u00fcr h\u00f6here Leistungen f\u00fcr vern\u00fcnftige Kosten n\u00e4hern kann.<\/p>\n<p>Also ins Pflichtenheft einer Dummyload geschrieben:<\/p>\n<ul>\n<li>Belastbar bis 2KW von 160m-70cm (ich kann nur 1KW+ produzieren aber Reserve ist immer gut)<\/li>\n<li>F\u00fcr einen l\u00e4ngeren Zeitraum ohne Einschr\u00e4nkungen belastbar (getestet 20 Minuten mit 1KW)<\/li>\n<li>M\u00f6glichst wenige Bauteile<\/li>\n<li>Passive \u00d6lk\u00fchlung ohne L\u00fcfter<\/li>\n<li>Ohne Spezialwerkzeuge zu bauen (Bohrmaschine, Stichs\u00e4ge)<\/li>\n<\/ul>\n<p>Den Blecheimer habe ich bei Ebay bekommen, wichtig ist eine Dichtung im Deckel und ein Sicherungsring zwischen Eimer und Deckel.<\/p>\n<p>10 Liter Motor\u00f6l 10w-40 (das Billigste aus dem Baumarkt)<\/p>\n<p>Kupferplatte 1cm dick<\/p>\n<p>RG213 Koaxialabel<\/p>\n<p>PL Einbaubuchse<\/p>\n<p>W\u00e4rmeleitpaste<\/p>\n<p>Distanzst\u00fccke aus Kunststoff<\/p>\n<p>Kunststoffplatte<\/p>\n<p>Schrauben und Muttern (ich habe Edelstahl genommen)<\/p>\n<p>So sieht die Dummyload fertig aus:<\/p>\n<p><img loading=\"lazy\" decoding=\"async\" class=\"alignnone wp-image-188\" src=\"http:\/\/www.dm1mt.de\/wp-content\/uploads\/2020\/12\/k-WP_20150111_001-300x169.jpg\" alt=\"\" width=\"615\" height=\"346\" srcset=\"http:\/\/www.dm1mt.de\/wp-content\/uploads\/2020\/12\/k-WP_20150111_001-300x169.jpg 300w, http:\/\/www.dm1mt.de\/wp-content\/uploads\/2020\/12\/k-WP_20150111_001-768x431.jpg 768w, http:\/\/www.dm1mt.de\/wp-content\/uploads\/2020\/12\/k-WP_20150111_001-678x381.jpg 678w, http:\/\/www.dm1mt.de\/wp-content\/uploads\/2020\/12\/k-WP_20150111_001.jpg 778w\" sizes=\"auto, (max-width: 615px) 100vw, 615px\" \/><\/p>\n<p>Wie wurde aus dem Blecheimer ein Dummyload?<\/p>\n<p>Schau mal, so habe ich es gemacht..<\/p>\n<p>Der Blecheimer<\/p>\n<p><img loading=\"lazy\" decoding=\"async\" class=\"alignnone size-medium wp-image-181\" src=\"http:\/\/www.dm1mt.de\/wp-content\/uploads\/2020\/12\/k-WP_20150103_009-300x169.jpg\" alt=\"\" width=\"300\" height=\"169\" srcset=\"http:\/\/www.dm1mt.de\/wp-content\/uploads\/2020\/12\/k-WP_20150103_009-300x169.jpg 300w, http:\/\/www.dm1mt.de\/wp-content\/uploads\/2020\/12\/k-WP_20150103_009-768x431.jpg 768w, http:\/\/www.dm1mt.de\/wp-content\/uploads\/2020\/12\/k-WP_20150103_009-678x381.jpg 678w, http:\/\/www.dm1mt.de\/wp-content\/uploads\/2020\/12\/k-WP_20150103_009.jpg 778w\" sizes=\"auto, (max-width: 300px) 100vw, 300px\" \/><\/p>\n<p>PL Buchse in den Deckel einbauen<\/p>\n<p><img loading=\"lazy\" decoding=\"async\" class=\"alignnone size-medium wp-image-184\" src=\"http:\/\/www.dm1mt.de\/wp-content\/uploads\/2020\/12\/k-WP_20150103_012-300x169.jpg\" alt=\"\" width=\"300\" height=\"169\" srcset=\"http:\/\/www.dm1mt.de\/wp-content\/uploads\/2020\/12\/k-WP_20150103_012-300x169.jpg 300w, http:\/\/www.dm1mt.de\/wp-content\/uploads\/2020\/12\/k-WP_20150103_012-768x431.jpg 768w, http:\/\/www.dm1mt.de\/wp-content\/uploads\/2020\/12\/k-WP_20150103_012-678x381.jpg 678w, http:\/\/www.dm1mt.de\/wp-content\/uploads\/2020\/12\/k-WP_20150103_012.jpg 778w\" sizes=\"auto, (max-width: 300px) 100vw, 300px\" \/><\/p>\n<p>Hochlastwiderst\u00e4nde, W\u00e4rmeleitpaste, Schrauben und Muttern und Abstandhalter aus Kunststoff.<\/p>\n<p><img loading=\"lazy\" decoding=\"async\" class=\"alignnone size-medium wp-image-175\" src=\"http:\/\/www.dm1mt.de\/wp-content\/uploads\/2020\/12\/k-WP_20150103_003-300x169.jpg\" alt=\"\" width=\"300\" height=\"169\" srcset=\"http:\/\/www.dm1mt.de\/wp-content\/uploads\/2020\/12\/k-WP_20150103_003-300x169.jpg 300w, http:\/\/www.dm1mt.de\/wp-content\/uploads\/2020\/12\/k-WP_20150103_003-768x431.jpg 768w, http:\/\/www.dm1mt.de\/wp-content\/uploads\/2020\/12\/k-WP_20150103_003-678x381.jpg 678w, http:\/\/www.dm1mt.de\/wp-content\/uploads\/2020\/12\/k-WP_20150103_003.jpg 778w\" sizes=\"auto, (max-width: 300px) 100vw, 300px\" \/><\/p>\n<p>Die Kupferplatte ist 1cm dick. Also ran an die Bohrmaschine und die ben\u00f6tigten L\u00f6cher gebohrt.<\/p>\n<p><img loading=\"lazy\" decoding=\"async\" class=\"alignnone size-medium wp-image-173\" src=\"http:\/\/www.dm1mt.de\/wp-content\/uploads\/2020\/12\/k-WP_20150103_001-300x169.jpg\" alt=\"\" width=\"300\" height=\"169\" srcset=\"http:\/\/www.dm1mt.de\/wp-content\/uploads\/2020\/12\/k-WP_20150103_001-300x169.jpg 300w, http:\/\/www.dm1mt.de\/wp-content\/uploads\/2020\/12\/k-WP_20150103_001-768x431.jpg 768w, http:\/\/www.dm1mt.de\/wp-content\/uploads\/2020\/12\/k-WP_20150103_001-678x381.jpg 678w, http:\/\/www.dm1mt.de\/wp-content\/uploads\/2020\/12\/k-WP_20150103_001.jpg 778w\" sizes=\"auto, (max-width: 300px) 100vw, 300px\" \/><\/p>\n<p>Die Hochlastwiderst\u00e4nde montiert. Zwischen dem Boden der Widerst\u00e4nde und der Kupferplatte die W\u00e4rmeleitpaste aufbringen. Die Kunststoff Abstandhalter montieren.<\/p>\n<p><img loading=\"lazy\" decoding=\"async\" class=\"alignnone size-medium wp-image-176\" src=\"http:\/\/www.dm1mt.de\/wp-content\/uploads\/2020\/12\/k-WP_20150103_004-300x169.jpg\" alt=\"\" width=\"300\" height=\"169\" srcset=\"http:\/\/www.dm1mt.de\/wp-content\/uploads\/2020\/12\/k-WP_20150103_004-300x169.jpg 300w, http:\/\/www.dm1mt.de\/wp-content\/uploads\/2020\/12\/k-WP_20150103_004-768x431.jpg 768w, http:\/\/www.dm1mt.de\/wp-content\/uploads\/2020\/12\/k-WP_20150103_004-678x381.jpg 678w, http:\/\/www.dm1mt.de\/wp-content\/uploads\/2020\/12\/k-WP_20150103_004.jpg 778w\" sizes=\"auto, (max-width: 300px) 100vw, 300px\" \/><\/p>\n<p>Koaxialkabel (RG-213 in meinem Fall) durch die Kupferplatte f\u00fchren und das ganze verl\u00f6ten.<\/p>\n<p><img loading=\"lazy\" decoding=\"async\" class=\"alignnone size-medium wp-image-177\" src=\"http:\/\/www.dm1mt.de\/wp-content\/uploads\/2020\/12\/k-WP_20150103_005-300x169.jpg\" alt=\"\" width=\"300\" height=\"169\" srcset=\"http:\/\/www.dm1mt.de\/wp-content\/uploads\/2020\/12\/k-WP_20150103_005-300x169.jpg 300w, http:\/\/www.dm1mt.de\/wp-content\/uploads\/2020\/12\/k-WP_20150103_005-768x431.jpg 768w, http:\/\/www.dm1mt.de\/wp-content\/uploads\/2020\/12\/k-WP_20150103_005-678x381.jpg 678w, http:\/\/www.dm1mt.de\/wp-content\/uploads\/2020\/12\/k-WP_20150103_005.jpg 778w\" sizes=\"auto, (max-width: 300px) 100vw, 300px\" \/><\/p>\n<p>Sieht von der anderen Seite so aus&#8230;<\/p>\n<p><img loading=\"lazy\" decoding=\"async\" class=\"alignnone size-medium wp-image-178\" src=\"http:\/\/www.dm1mt.de\/wp-content\/uploads\/2020\/12\/k-WP_20150103_006-300x169.jpg\" alt=\"\" width=\"300\" height=\"169\" srcset=\"http:\/\/www.dm1mt.de\/wp-content\/uploads\/2020\/12\/k-WP_20150103_006-300x169.jpg 300w, http:\/\/www.dm1mt.de\/wp-content\/uploads\/2020\/12\/k-WP_20150103_006-768x431.jpg 768w, http:\/\/www.dm1mt.de\/wp-content\/uploads\/2020\/12\/k-WP_20150103_006-678x381.jpg 678w, http:\/\/www.dm1mt.de\/wp-content\/uploads\/2020\/12\/k-WP_20150103_006.jpg 778w\" sizes=\"auto, (max-width: 300px) 100vw, 300px\" \/><\/p>\n<p>Ich habe eine Kunststoffplatte in meinem Fundus gehabt. Auf diese Platte habe ich die Kupferplatte montiert. Das dient der Zentrierung und der Isolation im Blecheimer.<\/p>\n<p><img loading=\"lazy\" decoding=\"async\" class=\"alignnone size-medium wp-image-180\" src=\"http:\/\/www.dm1mt.de\/wp-content\/uploads\/2020\/12\/k-WP_20150103_008-300x169.jpg\" alt=\"\" width=\"300\" height=\"169\" srcset=\"http:\/\/www.dm1mt.de\/wp-content\/uploads\/2020\/12\/k-WP_20150103_008-300x169.jpg 300w, http:\/\/www.dm1mt.de\/wp-content\/uploads\/2020\/12\/k-WP_20150103_008-768x431.jpg 768w, http:\/\/www.dm1mt.de\/wp-content\/uploads\/2020\/12\/k-WP_20150103_008-678x381.jpg 678w, http:\/\/www.dm1mt.de\/wp-content\/uploads\/2020\/12\/k-WP_20150103_008.jpg 778w\" sizes=\"auto, (max-width: 300px) 100vw, 300px\" \/><\/p>\n<p>Ab in den Eimer..<\/p>\n<p><img loading=\"lazy\" decoding=\"async\" class=\"alignnone size-medium wp-image-182\" src=\"http:\/\/www.dm1mt.de\/wp-content\/uploads\/2020\/12\/k-WP_20150103_010-300x169.jpg\" alt=\"\" width=\"300\" height=\"169\" srcset=\"http:\/\/www.dm1mt.de\/wp-content\/uploads\/2020\/12\/k-WP_20150103_010-300x169.jpg 300w, http:\/\/www.dm1mt.de\/wp-content\/uploads\/2020\/12\/k-WP_20150103_010-768x431.jpg 768w, http:\/\/www.dm1mt.de\/wp-content\/uploads\/2020\/12\/k-WP_20150103_010-678x381.jpg 678w, http:\/\/www.dm1mt.de\/wp-content\/uploads\/2020\/12\/k-WP_20150103_010.jpg 778w\" sizes=\"auto, (max-width: 300px) 100vw, 300px\" \/><\/p>\n<p>Das Koaxialkabel auf die richtig L\u00e4nge schneiden und mit der PL Buchse verl\u00f6ten.<\/p>\n<p><img loading=\"lazy\" decoding=\"async\" class=\"alignnone size-medium wp-image-185\" src=\"http:\/\/www.dm1mt.de\/wp-content\/uploads\/2020\/12\/k-WP_20150103_013-300x169.jpg\" alt=\"\" width=\"300\" height=\"169\" srcset=\"http:\/\/www.dm1mt.de\/wp-content\/uploads\/2020\/12\/k-WP_20150103_013-300x169.jpg 300w, http:\/\/www.dm1mt.de\/wp-content\/uploads\/2020\/12\/k-WP_20150103_013-768x431.jpg 768w, http:\/\/www.dm1mt.de\/wp-content\/uploads\/2020\/12\/k-WP_20150103_013-678x381.jpg 678w, http:\/\/www.dm1mt.de\/wp-content\/uploads\/2020\/12\/k-WP_20150103_013.jpg 778w\" sizes=\"auto, (max-width: 300px) 100vw, 300px\" \/><\/p>\n<p>Das billigste Motor\u00f6l aus dem Baumarkt besorgen und den Eimer damit bef\u00fcllen. Es sind in meinem Fall 10 Liter 10w-40 verbraucht worden. Ja, es gibt auch spezielles Trafo\u00f6l aber erstens bekommt man das nicht im Baumarkt des geringsten Misstrauens, zweitens stinkt das Zeug wie die H\u00f6lle und ist nicht wirklich gesund. Motor\u00f6l ist billig, stinkt auch aber daf\u00fcr gibt es ja den Deckel mit Dichtung.<\/p>\n<p>Und nein, mein Shack riecht nicht wie eine Autowerkstatt..<\/p>\n<p><img loading=\"lazy\" decoding=\"async\" class=\"alignnone size-medium wp-image-186\" src=\"http:\/\/www.dm1mt.de\/wp-content\/uploads\/2020\/12\/k-WP_20150103_014-300x169.jpg\" alt=\"\" width=\"300\" height=\"169\" srcset=\"http:\/\/www.dm1mt.de\/wp-content\/uploads\/2020\/12\/k-WP_20150103_014-300x169.jpg 300w, http:\/\/www.dm1mt.de\/wp-content\/uploads\/2020\/12\/k-WP_20150103_014-768x431.jpg 768w, http:\/\/www.dm1mt.de\/wp-content\/uploads\/2020\/12\/k-WP_20150103_014-678x381.jpg 678w, http:\/\/www.dm1mt.de\/wp-content\/uploads\/2020\/12\/k-WP_20150103_014.jpg 778w\" sizes=\"auto, (max-width: 300px) 100vw, 300px\" \/><\/p>\n<p>Check&#8230;51,6 Ohm. Passt f\u00fcr mich und meine Anspr\u00fcche.<\/p>\n<p><img loading=\"lazy\" decoding=\"async\" class=\"alignnone size-medium wp-image-187\" src=\"http:\/\/www.dm1mt.de\/wp-content\/uploads\/2020\/12\/k-WP_20150103_017-300x169.jpg\" alt=\"\" width=\"300\" height=\"169\" srcset=\"http:\/\/www.dm1mt.de\/wp-content\/uploads\/2020\/12\/k-WP_20150103_017-300x169.jpg 300w, http:\/\/www.dm1mt.de\/wp-content\/uploads\/2020\/12\/k-WP_20150103_017-768x431.jpg 768w, http:\/\/www.dm1mt.de\/wp-content\/uploads\/2020\/12\/k-WP_20150103_017-678x381.jpg 678w, http:\/\/www.dm1mt.de\/wp-content\/uploads\/2020\/12\/k-WP_20150103_017.jpg 778w\" sizes=\"auto, (max-width: 300px) 100vw, 300px\" \/><\/p>\n<p>Fertig&#8230;<\/p>\n<p><img loading=\"lazy\" decoding=\"async\" class=\"alignnone size-medium wp-image-188\" src=\"http:\/\/www.dm1mt.de\/wp-content\/uploads\/2020\/12\/k-WP_20150111_001-300x169.jpg\" alt=\"\" width=\"300\" height=\"169\" srcset=\"http:\/\/www.dm1mt.de\/wp-content\/uploads\/2020\/12\/k-WP_20150111_001-300x169.jpg 300w, http:\/\/www.dm1mt.de\/wp-content\/uploads\/2020\/12\/k-WP_20150111_001-768x431.jpg 768w, http:\/\/www.dm1mt.de\/wp-content\/uploads\/2020\/12\/k-WP_20150111_001-678x381.jpg 678w, http:\/\/www.dm1mt.de\/wp-content\/uploads\/2020\/12\/k-WP_20150111_001.jpg 778w\" sizes=\"auto, (max-width: 300px) 100vw, 300px\" \/><\/p>\n<p>Taugt das alles was?<\/p>\n<p>Ja klar, ich habe meine Endstufe auf Dauerstrich gestellt und 20 Minuten 1Kw HF in der Dummyload versenkt. \u00dcberhaupt kein Ding. Der Blecheimer und das darin befindliche \u00d6l werden halt warm. Logisch, irgendwohin muss die Energie ja hin.<\/p>\n<p>Da ich die Dummyload im Winter gebaut habe, hab ich anschlie\u00dfend sogar noch einen Fu\u00dfw\u00e4rmer gehabt. Sicher ein Nebeneffekt aber trotzdem nicht unangenehm \ud83d\ude09<\/p>\n<p>Ich habe die Dummyload seit einigen Jahren im Betrieb und bin heilfroh das Ding gebaut zu haben.<\/p>\n<p>Funktioniert zuverl\u00e4ssig, schluckt problemlos alles an HF weg was ich produzieren kann.<\/p>\n<p>&nbsp;<\/p>\n<p>&nbsp;<\/p>\n","protected":false},"excerpt":{"rendered":"<div class=\"mh-excerpt\"><p>Selbstbau einer 2KW Dummyload mit 4 x 500 Watt Hochlastwiderst\u00e4nden. Eine Dummyload geh\u00f6rt meines Erachtens in jedes vern\u00fcnftige Shack. Sp\u00e4testens bei Ger\u00e4tetests und Reparaturen an <a class=\"mh-excerpt-more\" href=\"http:\/\/www.dm1mt.de\/index.php\/dummyload-2kw\/\" title=\"Selbstbau Dummyload 2KW\">[&#8230;]<\/a><\/p>\n<\/div>","protected":false},"author":1,"featured_media":0,"parent":0,"menu_order":0,"comment_status":"closed","ping_status":"closed","template":"","meta":{"footnotes":""},"class_list":["post-53","page","type-page","status-publish","hentry"],"_links":{"self":[{"href":"http:\/\/www.dm1mt.de\/index.php\/wp-json\/wp\/v2\/pages\/53","targetHints":{"allow":["GET"]}}],"collection":[{"href":"http:\/\/www.dm1mt.de\/index.php\/wp-json\/wp\/v2\/pages"}],"about":[{"href":"http:\/\/www.dm1mt.de\/index.php\/wp-json\/wp\/v2\/types\/page"}],"author":[{"embeddable":true,"href":"http:\/\/www.dm1mt.de\/index.php\/wp-json\/wp\/v2\/users\/1"}],"replies":[{"embeddable":true,"href":"http:\/\/www.dm1mt.de\/index.php\/wp-json\/wp\/v2\/comments?post=53"}],"version-history":[{"count":6,"href":"http:\/\/www.dm1mt.de\/index.php\/wp-json\/wp\/v2\/pages\/53\/revisions"}],"predecessor-version":[{"id":191,"href":"http:\/\/www.dm1mt.de\/index.php\/wp-json\/wp\/v2\/pages\/53\/revisions\/191"}],"wp:attachment":[{"href":"http:\/\/www.dm1mt.de\/index.php\/wp-json\/wp\/v2\/media?parent=53"}],"curies":[{"name":"wp","href":"https:\/\/api.w.org\/{rel}","templated":true}]}}