{"id":44,"date":"2018-08-24T10:12:21","date_gmt":"2018-08-24T08:12:21","guid":{"rendered":"http:\/\/www.dm1mt.de\/?page_id=44"},"modified":"2023-12-11T16:37:19","modified_gmt":"2023-12-11T15:37:19","slug":"transceiver","status":"publish","type":"page","link":"http:\/\/www.dm1mt.de\/index.php\/transceiver\/","title":{"rendered":"Transceiver"},"content":{"rendered":"<p>Das neueste Spielzeug im Shack<\/p>\n<p><strong>SunSDR2 DX<\/strong><\/p>\n<p><img loading=\"lazy\" decoding=\"async\" class=\"alignnone  wp-image-450\" src=\"http:\/\/www.dm1mt.de\/wp-content\/uploads\/2023\/12\/Bildschirmfoto-vom-2023-12-11-16-34-35.png\" alt=\"\" width=\"440\" height=\"293\" \/><\/p>\n<p>&nbsp;<\/p>\n<p><strong>ICOM IC-7700<\/strong><\/p>\n<p>Kein SDR, gar nicht klitzeklein, absolut nicht f\u00fcr Portabeleins\u00e4tze geeignet und kein QRP TRX.<\/p>\n<p>Daf\u00fcr 22,5kg schwer, ganz hervorragend verarbeitet mit einem (meiner Meinung nach) richtig gutem Empf\u00e4nger.<\/p>\n<p>Gewaltige Abmessungen inklusive. Ein dickes Radio im wahrsten Sinne des Wortes.<\/p>\n<p><img loading=\"lazy\" decoding=\"async\" class=\"alignnone wp-image-411\" src=\"http:\/\/www.dm1mt.de\/wp-content\/uploads\/2022\/04\/Bildschirmfoto-2022-04-09-um-08.12.02-300x98.png\" alt=\"\" width=\"413\" height=\"135\" srcset=\"http:\/\/www.dm1mt.de\/wp-content\/uploads\/2022\/04\/Bildschirmfoto-2022-04-09-um-08.12.02-300x98.png 300w, http:\/\/www.dm1mt.de\/wp-content\/uploads\/2022\/04\/Bildschirmfoto-2022-04-09-um-08.12.02.png 522w\" sizes=\"auto, (max-width: 413px) 100vw, 413px\" \/><\/p>\n<p>&nbsp;<\/p>\n<p><strong>ANAN 100 SDR Transceiver (160m &#8211; 6m)<\/strong><\/p>\n<p>Neueste Firmware \/ Thetis als Bedienoberfl\u00e4che<\/p>\n<p><img loading=\"lazy\" decoding=\"async\" class=\"alignnone wp-image-192\" src=\"http:\/\/www.dm1mt.de\/wp-content\/uploads\/2020\/12\/Bildschirmfoto-2020-12-25-um-11.13.10-300x151.png\" alt=\"\" width=\"409\" height=\"206\" srcset=\"http:\/\/www.dm1mt.de\/wp-content\/uploads\/2020\/12\/Bildschirmfoto-2020-12-25-um-11.13.10-300x151.png 300w, http:\/\/www.dm1mt.de\/wp-content\/uploads\/2020\/12\/Bildschirmfoto-2020-12-25-um-11.13.10-768x387.png 768w, http:\/\/www.dm1mt.de\/wp-content\/uploads\/2020\/12\/Bildschirmfoto-2020-12-25-um-11.13.10.png 942w\" sizes=\"auto, (max-width: 409px) 100vw, 409px\" \/><\/p>\n<p><strong>Flexradio 3000 SDR Transceiver (160m &#8211; 6m)<\/strong><\/p>\n<p>Der Flex-3000 wird haupts\u00e4chlich f\u00fcr Digitale Betriebsarten eingesetzt und wird \u00fcber die KE9NS Version der PowerSDR Bedienoberfl\u00e4che \u00a0betrieben. Ein SDR aus dem Jahr 2009, eigentlich ein Oldie aber macht immer noch sein Ding und l\u00e4uft problemlos. Das extrem laute L\u00fcfterger\u00e4usch habe ich ihm ausgetrieben.<\/p>\n<p><img loading=\"lazy\" decoding=\"async\" class=\"alignnone wp-image-193\" src=\"http:\/\/www.dm1mt.de\/wp-content\/uploads\/2020\/12\/Bildschirmfoto-2020-12-25-um-11.16.24-300x129.png\" alt=\"\" width=\"421\" height=\"181\" srcset=\"http:\/\/www.dm1mt.de\/wp-content\/uploads\/2020\/12\/Bildschirmfoto-2020-12-25-um-11.16.24-300x129.png 300w, http:\/\/www.dm1mt.de\/wp-content\/uploads\/2020\/12\/Bildschirmfoto-2020-12-25-um-11.16.24.png 607w\" sizes=\"auto, (max-width: 421px) 100vw, 421px\" \/><\/p>\n<p><strong>Yaesu FT-897 (HF+6m+2m+70cm)<\/strong><\/p>\n<p>Tja, der Yaesu FT-897&#8230; kann alles, nichts wirklich supergut aber auch gar nicht so schlecht wie es ihm immer nachgesagt wird. Der Transceiver macht immer mit mir gemeinsam Urlaub und hat schon diverse L\u00e4nder bereist. Ich mag ihn..<\/p>\n<p><img loading=\"lazy\" decoding=\"async\" class=\"alignnone wp-image-196\" src=\"http:\/\/www.dm1mt.de\/wp-content\/uploads\/2020\/12\/Bildschirmfoto-2020-12-25-um-11.23.47-300x203.png\" alt=\"\" width=\"421\" height=\"285\" srcset=\"http:\/\/www.dm1mt.de\/wp-content\/uploads\/2020\/12\/Bildschirmfoto-2020-12-25-um-11.23.47-300x203.png 300w, http:\/\/www.dm1mt.de\/wp-content\/uploads\/2020\/12\/Bildschirmfoto-2020-12-25-um-11.23.47.png 465w\" sizes=\"auto, (max-width: 421px) 100vw, 421px\" \/><\/p>\n<p>&nbsp;<\/p>\n<p><strong>Yaesu FT-7800<\/strong> an vertikalem Rundstrahler Diamond X-5000 (2m \/ 70cm)<\/p>\n<p><strong>Yaesu FT-7800<\/strong> an vertikaler 70cm 11 Element Vormast Yagi (2m \/70cm)<\/p>\n<p>Hab zwei von den Ger\u00e4ten, f\u00fcr 2m und 70cm FM Betrieb. Laufen beide ohne Mucken seit vielen Jahren.<\/p>\n<p><img loading=\"lazy\" decoding=\"async\" class=\"alignnone wp-image-197\" src=\"http:\/\/www.dm1mt.de\/wp-content\/uploads\/2020\/12\/Bildschirmfoto-2020-12-25-um-11.26.13-300x185.png\" alt=\"\" width=\"495\" height=\"305\" srcset=\"http:\/\/www.dm1mt.de\/wp-content\/uploads\/2020\/12\/Bildschirmfoto-2020-12-25-um-11.26.13-300x185.png 300w, http:\/\/www.dm1mt.de\/wp-content\/uploads\/2020\/12\/Bildschirmfoto-2020-12-25-um-11.26.13.png 349w\" sizes=\"auto, (max-width: 495px) 100vw, 495px\" \/><\/p>\n<h3>ICOM IC-910H<\/h3>\n<p>2m \/ 70cm \/ 23cm Allmode mit allen optionalen Zusatzmodulen<\/p>\n<p><img loading=\"lazy\" decoding=\"async\" class=\"alignnone wp-image-255\" src=\"http:\/\/www.dm1mt.de\/wp-content\/uploads\/2020\/12\/Bildschirmfoto-2020-12-26-um-18.11.22-300x155.png\" alt=\"\" width=\"497\" height=\"257\" srcset=\"http:\/\/www.dm1mt.de\/wp-content\/uploads\/2020\/12\/Bildschirmfoto-2020-12-26-um-18.11.22-300x155.png 300w, http:\/\/www.dm1mt.de\/wp-content\/uploads\/2020\/12\/Bildschirmfoto-2020-12-26-um-18.11.22.png 571w\" sizes=\"auto, (max-width: 497px) 100vw, 497px\" \/><\/p>\n<h3>ICOM IC-706MK2G<\/h3>\n<p>160 &#8211; 6m \/ 2m \/70cm Allmode<\/p>\n<p><img loading=\"lazy\" decoding=\"async\" class=\"alignnone wp-image-422\" src=\"http:\/\/www.dm1mt.de\/wp-content\/uploads\/2022\/07\/ic706.png\" alt=\"\" width=\"470\" height=\"260\" \/><\/p>\n<p>&nbsp;<\/p>\n<p>&#8230;und ein paar Handfunken f\u00fcr D-Star, DMR und dergleichen.<\/p>\n<p>&nbsp;<\/p>\n<p>PA<\/p>\n<p>RF Power HLVA1k3 f\u00fcr Kurzwelle (6m &#8211; 160m)<\/p>\n<p>RM Italy LA 250 f\u00fcr 2m<\/p>\n<p>&nbsp;<\/p>\n<p>&nbsp;<\/p>\n","protected":false},"excerpt":{"rendered":"<div class=\"mh-excerpt\"><p>Das neueste Spielzeug im Shack SunSDR2 DX &nbsp; ICOM IC-7700 Kein SDR, gar nicht klitzeklein, absolut nicht f\u00fcr Portabeleins\u00e4tze geeignet und kein QRP TRX. Daf\u00fcr <a class=\"mh-excerpt-more\" href=\"http:\/\/www.dm1mt.de\/index.php\/transceiver\/\" title=\"Transceiver\">[&#8230;]<\/a><\/p>\n<\/div>","protected":false},"author":1,"featured_media":0,"parent":0,"menu_order":0,"comment_status":"closed","ping_status":"closed","template":"","meta":{"footnotes":""},"class_list":["post-44","page","type-page","status-publish","hentry"],"_links":{"self":[{"href":"http:\/\/www.dm1mt.de\/index.php\/wp-json\/wp\/v2\/pages\/44","targetHints":{"allow":["GET"]}}],"collection":[{"href":"http:\/\/www.dm1mt.de\/index.php\/wp-json\/wp\/v2\/pages"}],"about":[{"href":"http:\/\/www.dm1mt.de\/index.php\/wp-json\/wp\/v2\/types\/page"}],"author":[{"embeddable":true,"href":"http:\/\/www.dm1mt.de\/index.php\/wp-json\/wp\/v2\/users\/1"}],"replies":[{"embeddable":true,"href":"http:\/\/www.dm1mt.de\/index.php\/wp-json\/wp\/v2\/comments?post=44"}],"version-history":[{"count":20,"href":"http:\/\/www.dm1mt.de\/index.php\/wp-json\/wp\/v2\/pages\/44\/revisions"}],"predecessor-version":[{"id":451,"href":"http:\/\/www.dm1mt.de\/index.php\/wp-json\/wp\/v2\/pages\/44\/revisions\/451"}],"wp:attachment":[{"href":"http:\/\/www.dm1mt.de\/index.php\/wp-json\/wp\/v2\/media?parent=44"}],"curies":[{"name":"wp","href":"https:\/\/api.w.org\/{rel}","templated":true}]}}