{"id":42,"date":"2018-08-24T10:12:21","date_gmt":"2018-08-24T08:12:21","guid":{"rendered":"http:\/\/www.dm1mt.de\/?page_id=42"},"modified":"2022-07-06T15:36:14","modified_gmt":"2022-07-06T13:36:14","slug":"antennen","status":"publish","type":"page","link":"http:\/\/www.dm1mt.de\/index.php\/antennen\/","title":{"rendered":"Antennen"},"content":{"rendered":"<p>Meine Antennenkonfiguration besteht aus:<\/p>\n<p>Optibeam OB9-5 9 Element 5 Band Yagi f\u00fcr 10\/12\/15\/17\/20m<\/p>\n<p>Eantenna 40MDY2 2 Element Beam f\u00fcr 40m und einem vern\u00fcnftigen Balun von DX Engineering versehen.<\/p>\n<p>R\u00fcckgefalteter Dipol 2x43m haupts\u00e4chlich f\u00fcr 160m gespeist mit Lecherleitung und Stockcorner JC-4 Autotuner als Anpassnetzwerk.<\/p>\n<p>Homemade 30m Monoband Halbwellen Dipol koaxial gespeist mit 1:1 Balun in Inverted V Aufh\u00e4ngung<\/p>\n<p>Homemade 80m Monoband Halbwellen Dipol koaxial gespeist mit 1:1 Balun<\/p>\n<p>Eantenna 50LFA5 5 Element Yagi f\u00fcr 6m<\/p>\n<p>Antennas-Amplifiers PA144-432-36-6BG 2m \/ 70cm Duoband Yagi<\/p>\n<p>(11 Elemente auf 2m \/ 26 Elemente auf 70cm)<\/p>\n<p>Diamond X-5000 Rundstrahler f\u00fcr 2m\/70cm\/23cm<\/p>\n<p>Wimo 11 Element Vormast Yagi vertikal polarisiert<\/p>\n<p>Der Mast ist ein 12m Stahlgitterteleskopmast (auf ca. 10m ausgefahren) mit 6 facher Abspannung. Der Mast ist zu Wartungszwecken kippbar.<\/p>\n<p>Das Rotorsystem besteht aus einem ProSisTel PST61D Pro Rotor (Encoder Ausf\u00fchrung) und zugeh\u00f6rigem Steuerger\u00e4t<\/p>\n<p>Antennenrevision Herbst 2020<br \/>\nBei der \u00dcberarbeitung der Antennenanlage wurde das vorhandene Drehrohr durch ein verzinktes 2\u201c Stahlrohr ersetzt, sowie ein Diamond X-5000 Rundstrahler, eine vertikale 70cm 11 Element Vormast Yagi verbaut.<\/p>\n<p>F\u00fcr 2m\/70cm SSB und Digitale Betriebsarten kam noch eine Dualband Yagi inkl. Mastvorverst\u00e4rker und Umschaltrelais und Sequenzer Steuerung hinzu.<\/p>\n<h3>Bilder vom Herbst 2020<\/h3>\n<h5>Aufbau Antennas-Amplifiers PA144-432-36-6BG 2m \/ 70cm Duoband Yagi<\/h5>\n<p><img loading=\"lazy\" decoding=\"async\" class=\"alignnone wp-image-202\" src=\"http:\/\/www.dm1mt.de\/wp-content\/uploads\/2020\/12\/Bildschirmfoto-2020-12-25-um-11.52.50-300x226.png\" alt=\"\" width=\"642\" height=\"484\" srcset=\"http:\/\/www.dm1mt.de\/wp-content\/uploads\/2020\/12\/Bildschirmfoto-2020-12-25-um-11.52.50-300x226.png 300w, http:\/\/www.dm1mt.de\/wp-content\/uploads\/2020\/12\/Bildschirmfoto-2020-12-25-um-11.52.50-768x580.png 768w, http:\/\/www.dm1mt.de\/wp-content\/uploads\/2020\/12\/Bildschirmfoto-2020-12-25-um-11.52.50-326x245.png 326w, http:\/\/www.dm1mt.de\/wp-content\/uploads\/2020\/12\/Bildschirmfoto-2020-12-25-um-11.52.50-80x60.png 80w, http:\/\/www.dm1mt.de\/wp-content\/uploads\/2020\/12\/Bildschirmfoto-2020-12-25-um-11.52.50.png 938w\" sizes=\"auto, (max-width: 642px) 100vw, 642px\" \/><\/p>\n<p><img loading=\"lazy\" decoding=\"async\" class=\"alignnone wp-image-203\" src=\"http:\/\/www.dm1mt.de\/wp-content\/uploads\/2020\/12\/Bildschirmfoto-2020-12-25-um-11.54.08-300x226.png\" alt=\"\" width=\"642\" height=\"484\" srcset=\"http:\/\/www.dm1mt.de\/wp-content\/uploads\/2020\/12\/Bildschirmfoto-2020-12-25-um-11.54.08-300x226.png 300w, http:\/\/www.dm1mt.de\/wp-content\/uploads\/2020\/12\/Bildschirmfoto-2020-12-25-um-11.54.08-768x578.png 768w, http:\/\/www.dm1mt.de\/wp-content\/uploads\/2020\/12\/Bildschirmfoto-2020-12-25-um-11.54.08-326x245.png 326w, http:\/\/www.dm1mt.de\/wp-content\/uploads\/2020\/12\/Bildschirmfoto-2020-12-25-um-11.54.08-80x60.png 80w, http:\/\/www.dm1mt.de\/wp-content\/uploads\/2020\/12\/Bildschirmfoto-2020-12-25-um-11.54.08.png 935w\" sizes=\"auto, (max-width: 642px) 100vw, 642px\" \/><\/p>\n<p><img loading=\"lazy\" decoding=\"async\" class=\"alignnone wp-image-204\" src=\"http:\/\/www.dm1mt.de\/wp-content\/uploads\/2020\/12\/Bildschirmfoto-2020-12-25-um-11.55.20-300x198.png\" alt=\"\" width=\"645\" height=\"426\" srcset=\"http:\/\/www.dm1mt.de\/wp-content\/uploads\/2020\/12\/Bildschirmfoto-2020-12-25-um-11.55.20-300x198.png 300w, http:\/\/www.dm1mt.de\/wp-content\/uploads\/2020\/12\/Bildschirmfoto-2020-12-25-um-11.55.20-768x507.png 768w, http:\/\/www.dm1mt.de\/wp-content\/uploads\/2020\/12\/Bildschirmfoto-2020-12-25-um-11.55.20.png 832w\" sizes=\"auto, (max-width: 645px) 100vw, 645px\" \/><\/p>\n<p><img loading=\"lazy\" decoding=\"async\" class=\"alignnone wp-image-206\" src=\"http:\/\/www.dm1mt.de\/wp-content\/uploads\/2020\/12\/Bildschirmfoto-2020-12-25-um-11.57.19-300x215.png\" alt=\"\" width=\"651\" height=\"467\" srcset=\"http:\/\/www.dm1mt.de\/wp-content\/uploads\/2020\/12\/Bildschirmfoto-2020-12-25-um-11.57.19-300x215.png 300w, http:\/\/www.dm1mt.de\/wp-content\/uploads\/2020\/12\/Bildschirmfoto-2020-12-25-um-11.57.19-768x550.png 768w, http:\/\/www.dm1mt.de\/wp-content\/uploads\/2020\/12\/Bildschirmfoto-2020-12-25-um-11.57.19.png 935w\" sizes=\"auto, (max-width: 651px) 100vw, 651px\" \/><\/p>\n<p><img loading=\"lazy\" decoding=\"async\" class=\"alignnone wp-image-207\" src=\"http:\/\/www.dm1mt.de\/wp-content\/uploads\/2020\/12\/Bildschirmfoto-2020-12-25-um-11.58.36-300x209.png\" alt=\"\" width=\"662\" height=\"461\" srcset=\"http:\/\/www.dm1mt.de\/wp-content\/uploads\/2020\/12\/Bildschirmfoto-2020-12-25-um-11.58.36-300x209.png 300w, http:\/\/www.dm1mt.de\/wp-content\/uploads\/2020\/12\/Bildschirmfoto-2020-12-25-um-11.58.36-768x536.png 768w, http:\/\/www.dm1mt.de\/wp-content\/uploads\/2020\/12\/Bildschirmfoto-2020-12-25-um-11.58.36.png 885w\" sizes=\"auto, (max-width: 662px) 100vw, 662px\" \/><\/p>\n<p><img loading=\"lazy\" decoding=\"async\" class=\"alignnone wp-image-208\" src=\"http:\/\/www.dm1mt.de\/wp-content\/uploads\/2020\/12\/Bildschirmfoto-2020-12-25-um-11.59.48-300x237.png\" alt=\"\" width=\"661\" height=\"522\" srcset=\"http:\/\/www.dm1mt.de\/wp-content\/uploads\/2020\/12\/Bildschirmfoto-2020-12-25-um-11.59.48-300x237.png 300w, http:\/\/www.dm1mt.de\/wp-content\/uploads\/2020\/12\/Bildschirmfoto-2020-12-25-um-11.59.48-768x606.png 768w, http:\/\/www.dm1mt.de\/wp-content\/uploads\/2020\/12\/Bildschirmfoto-2020-12-25-um-11.59.48.png 904w\" sizes=\"auto, (max-width: 661px) 100vw, 661px\" \/><\/p>\n<p><strong>Antennenrevision 2020<\/strong><\/p>\n<p>&nbsp;<\/p>\n<p><img loading=\"lazy\" decoding=\"async\" class=\"alignnone wp-image-209\" src=\"http:\/\/www.dm1mt.de\/wp-content\/uploads\/2020\/12\/Bildschirmfoto-2020-12-25-um-12.03.38-300x223.png\" alt=\"\" width=\"713\" height=\"530\" srcset=\"http:\/\/www.dm1mt.de\/wp-content\/uploads\/2020\/12\/Bildschirmfoto-2020-12-25-um-12.03.38-300x223.png 300w, http:\/\/www.dm1mt.de\/wp-content\/uploads\/2020\/12\/Bildschirmfoto-2020-12-25-um-12.03.38-768x571.png 768w, http:\/\/www.dm1mt.de\/wp-content\/uploads\/2020\/12\/Bildschirmfoto-2020-12-25-um-12.03.38-80x60.png 80w, http:\/\/www.dm1mt.de\/wp-content\/uploads\/2020\/12\/Bildschirmfoto-2020-12-25-um-12.03.38.png 945w\" sizes=\"auto, (max-width: 713px) 100vw, 713px\" \/><\/p>\n<p><img loading=\"lazy\" decoding=\"async\" class=\"alignnone wp-image-210\" src=\"http:\/\/www.dm1mt.de\/wp-content\/uploads\/2020\/12\/Bildschirmfoto-2020-12-25-um-12.04.03-300x226.png\" alt=\"\" width=\"712\" height=\"536\" srcset=\"http:\/\/www.dm1mt.de\/wp-content\/uploads\/2020\/12\/Bildschirmfoto-2020-12-25-um-12.04.03-300x226.png 300w, http:\/\/www.dm1mt.de\/wp-content\/uploads\/2020\/12\/Bildschirmfoto-2020-12-25-um-12.04.03-768x578.png 768w, http:\/\/www.dm1mt.de\/wp-content\/uploads\/2020\/12\/Bildschirmfoto-2020-12-25-um-12.04.03-678x509.png 678w, http:\/\/www.dm1mt.de\/wp-content\/uploads\/2020\/12\/Bildschirmfoto-2020-12-25-um-12.04.03-326x245.png 326w, http:\/\/www.dm1mt.de\/wp-content\/uploads\/2020\/12\/Bildschirmfoto-2020-12-25-um-12.04.03-80x60.png 80w, http:\/\/www.dm1mt.de\/wp-content\/uploads\/2020\/12\/Bildschirmfoto-2020-12-25-um-12.04.03.png 941w\" sizes=\"auto, (max-width: 712px) 100vw, 712px\" \/><\/p>\n<p><img loading=\"lazy\" decoding=\"async\" class=\"alignnone wp-image-211\" src=\"http:\/\/www.dm1mt.de\/wp-content\/uploads\/2020\/12\/Bildschirmfoto-2020-12-25-um-12.04.24-300x220.png\" alt=\"\" width=\"710\" height=\"521\" srcset=\"http:\/\/www.dm1mt.de\/wp-content\/uploads\/2020\/12\/Bildschirmfoto-2020-12-25-um-12.04.24-300x220.png 300w, http:\/\/www.dm1mt.de\/wp-content\/uploads\/2020\/12\/Bildschirmfoto-2020-12-25-um-12.04.24-768x563.png 768w, http:\/\/www.dm1mt.de\/wp-content\/uploads\/2020\/12\/Bildschirmfoto-2020-12-25-um-12.04.24-80x60.png 80w, http:\/\/www.dm1mt.de\/wp-content\/uploads\/2020\/12\/Bildschirmfoto-2020-12-25-um-12.04.24.png 946w\" sizes=\"auto, (max-width: 710px) 100vw, 710px\" \/><\/p>\n<p><img loading=\"lazy\" decoding=\"async\" class=\"alignnone wp-image-212\" src=\"http:\/\/www.dm1mt.de\/wp-content\/uploads\/2020\/12\/Bildschirmfoto-2020-12-25-um-12.04.47-300x223.png\" alt=\"\" width=\"708\" height=\"526\" srcset=\"http:\/\/www.dm1mt.de\/wp-content\/uploads\/2020\/12\/Bildschirmfoto-2020-12-25-um-12.04.47-300x223.png 300w, http:\/\/www.dm1mt.de\/wp-content\/uploads\/2020\/12\/Bildschirmfoto-2020-12-25-um-12.04.47-768x572.png 768w, http:\/\/www.dm1mt.de\/wp-content\/uploads\/2020\/12\/Bildschirmfoto-2020-12-25-um-12.04.47-80x60.png 80w, http:\/\/www.dm1mt.de\/wp-content\/uploads\/2020\/12\/Bildschirmfoto-2020-12-25-um-12.04.47.png 950w\" sizes=\"auto, (max-width: 708px) 100vw, 708px\" \/><\/p>\n<p><img loading=\"lazy\" decoding=\"async\" class=\"alignnone wp-image-213\" src=\"http:\/\/www.dm1mt.de\/wp-content\/uploads\/2020\/12\/Bildschirmfoto-2020-12-25-um-12.05.09-300x223.png\" alt=\"\" width=\"708\" height=\"526\" srcset=\"http:\/\/www.dm1mt.de\/wp-content\/uploads\/2020\/12\/Bildschirmfoto-2020-12-25-um-12.05.09-300x223.png 300w, http:\/\/www.dm1mt.de\/wp-content\/uploads\/2020\/12\/Bildschirmfoto-2020-12-25-um-12.05.09-768x570.png 768w, http:\/\/www.dm1mt.de\/wp-content\/uploads\/2020\/12\/Bildschirmfoto-2020-12-25-um-12.05.09-80x60.png 80w, http:\/\/www.dm1mt.de\/wp-content\/uploads\/2020\/12\/Bildschirmfoto-2020-12-25-um-12.05.09.png 955w\" sizes=\"auto, (max-width: 708px) 100vw, 708px\" \/><\/p>\n<p>&nbsp;<\/p>\n<p><img loading=\"lazy\" decoding=\"async\" class=\"alignnone wp-image-215\" src=\"http:\/\/www.dm1mt.de\/wp-content\/uploads\/2020\/12\/Bildschirmfoto-2020-12-25-um-12.05.54-300x222.png\" alt=\"\" width=\"700\" height=\"518\" srcset=\"http:\/\/www.dm1mt.de\/wp-content\/uploads\/2020\/12\/Bildschirmfoto-2020-12-25-um-12.05.54-300x222.png 300w, http:\/\/www.dm1mt.de\/wp-content\/uploads\/2020\/12\/Bildschirmfoto-2020-12-25-um-12.05.54-768x568.png 768w, http:\/\/www.dm1mt.de\/wp-content\/uploads\/2020\/12\/Bildschirmfoto-2020-12-25-um-12.05.54-80x60.png 80w, http:\/\/www.dm1mt.de\/wp-content\/uploads\/2020\/12\/Bildschirmfoto-2020-12-25-um-12.05.54.png 950w\" sizes=\"auto, (max-width: 700px) 100vw, 700px\" \/><\/p>\n<p><img loading=\"lazy\" decoding=\"async\" class=\"alignnone wp-image-216\" src=\"http:\/\/www.dm1mt.de\/wp-content\/uploads\/2020\/12\/Bildschirmfoto-2020-12-25-um-12.06.13-300x225.png\" alt=\"\" width=\"703\" height=\"527\" srcset=\"http:\/\/www.dm1mt.de\/wp-content\/uploads\/2020\/12\/Bildschirmfoto-2020-12-25-um-12.06.13-300x225.png 300w, http:\/\/www.dm1mt.de\/wp-content\/uploads\/2020\/12\/Bildschirmfoto-2020-12-25-um-12.06.13-768x575.png 768w, http:\/\/www.dm1mt.de\/wp-content\/uploads\/2020\/12\/Bildschirmfoto-2020-12-25-um-12.06.13-678x509.png 678w, http:\/\/www.dm1mt.de\/wp-content\/uploads\/2020\/12\/Bildschirmfoto-2020-12-25-um-12.06.13-326x245.png 326w, http:\/\/www.dm1mt.de\/wp-content\/uploads\/2020\/12\/Bildschirmfoto-2020-12-25-um-12.06.13-80x60.png 80w, http:\/\/www.dm1mt.de\/wp-content\/uploads\/2020\/12\/Bildschirmfoto-2020-12-25-um-12.06.13.png 947w\" sizes=\"auto, (max-width: 703px) 100vw, 703px\" \/><\/p>\n<p>&nbsp;<\/p>\n<p>&nbsp;<\/p>\n<p>Bilder vom Aufbau Fr\u00fchjahr 2018<\/p>\n<p><img loading=\"lazy\" decoding=\"async\" class=\"alignnone wp-image-97\" src=\"http:\/\/www.dm1mt.de\/wp-content\/uploads\/2018\/09\/IMG_1390-300x225.jpg\" alt=\"\" width=\"1068\" height=\"801\" srcset=\"http:\/\/www.dm1mt.de\/wp-content\/uploads\/2018\/09\/IMG_1390-300x225.jpg 300w, http:\/\/www.dm1mt.de\/wp-content\/uploads\/2018\/09\/IMG_1390-768x576.jpg 768w, http:\/\/www.dm1mt.de\/wp-content\/uploads\/2018\/09\/IMG_1390-1024x768.jpg 1024w, http:\/\/www.dm1mt.de\/wp-content\/uploads\/2018\/09\/IMG_1390-678x509.jpg 678w, http:\/\/www.dm1mt.de\/wp-content\/uploads\/2018\/09\/IMG_1390-326x245.jpg 326w, http:\/\/www.dm1mt.de\/wp-content\/uploads\/2018\/09\/IMG_1390-80x60.jpg 80w, http:\/\/www.dm1mt.de\/wp-content\/uploads\/2018\/09\/IMG_1390.jpg 1632w\" sizes=\"auto, (max-width: 1068px) 100vw, 1068px\" \/><\/p>\n<p>.Einige Bilder vom Aufbau der Antennenanlage (Fr\u00fchjahr 2018)<\/p>\n<p><img loading=\"lazy\" decoding=\"async\" class=\"alignnone wp-image-86\" src=\"http:\/\/www.dm1mt.de\/wp-content\/uploads\/2018\/09\/IMG_1361-300x225.jpg\" alt=\"\" width=\"1067\" height=\"800\" srcset=\"http:\/\/www.dm1mt.de\/wp-content\/uploads\/2018\/09\/IMG_1361-300x225.jpg 300w, http:\/\/www.dm1mt.de\/wp-content\/uploads\/2018\/09\/IMG_1361-768x576.jpg 768w, http:\/\/www.dm1mt.de\/wp-content\/uploads\/2018\/09\/IMG_1361-1024x768.jpg 1024w, http:\/\/www.dm1mt.de\/wp-content\/uploads\/2018\/09\/IMG_1361-678x509.jpg 678w, http:\/\/www.dm1mt.de\/wp-content\/uploads\/2018\/09\/IMG_1361-326x245.jpg 326w, http:\/\/www.dm1mt.de\/wp-content\/uploads\/2018\/09\/IMG_1361-80x60.jpg 80w, http:\/\/www.dm1mt.de\/wp-content\/uploads\/2018\/09\/IMG_1361.jpg 1632w\" sizes=\"auto, (max-width: 1067px) 100vw, 1067px\" \/><img loading=\"lazy\" decoding=\"async\" class=\" wp-image-87 alignleft\" src=\"http:\/\/www.dm1mt.de\/wp-content\/uploads\/2018\/09\/IMG_1362-300x225.jpg\" alt=\"\" width=\"1068\" height=\"801\" srcset=\"http:\/\/www.dm1mt.de\/wp-content\/uploads\/2018\/09\/IMG_1362-300x225.jpg 300w, http:\/\/www.dm1mt.de\/wp-content\/uploads\/2018\/09\/IMG_1362-768x576.jpg 768w, http:\/\/www.dm1mt.de\/wp-content\/uploads\/2018\/09\/IMG_1362-1024x768.jpg 1024w, http:\/\/www.dm1mt.de\/wp-content\/uploads\/2018\/09\/IMG_1362-678x509.jpg 678w, http:\/\/www.dm1mt.de\/wp-content\/uploads\/2018\/09\/IMG_1362-326x245.jpg 326w, http:\/\/www.dm1mt.de\/wp-content\/uploads\/2018\/09\/IMG_1362-80x60.jpg 80w, http:\/\/www.dm1mt.de\/wp-content\/uploads\/2018\/09\/IMG_1362.jpg 1632w\" sizes=\"auto, (max-width: 1068px) 100vw, 1068px\" \/><img loading=\"lazy\" decoding=\"async\" class=\"alignnone wp-image-88\" src=\"http:\/\/www.dm1mt.de\/wp-content\/uploads\/2018\/09\/IMG_1363-300x225.jpg\" alt=\"\" width=\"1067\" height=\"801\" srcset=\"http:\/\/www.dm1mt.de\/wp-content\/uploads\/2018\/09\/IMG_1363-300x225.jpg 300w, http:\/\/www.dm1mt.de\/wp-content\/uploads\/2018\/09\/IMG_1363-768x576.jpg 768w, http:\/\/www.dm1mt.de\/wp-content\/uploads\/2018\/09\/IMG_1363-1024x768.jpg 1024w, http:\/\/www.dm1mt.de\/wp-content\/uploads\/2018\/09\/IMG_1363-678x509.jpg 678w, http:\/\/www.dm1mt.de\/wp-content\/uploads\/2018\/09\/IMG_1363-326x245.jpg 326w, http:\/\/www.dm1mt.de\/wp-content\/uploads\/2018\/09\/IMG_1363-80x60.jpg 80w, http:\/\/www.dm1mt.de\/wp-content\/uploads\/2018\/09\/IMG_1363.jpg 1632w\" sizes=\"auto, (max-width: 1067px) 100vw, 1067px\" \/><img loading=\"lazy\" decoding=\"async\" class=\"alignnone wp-image-89\" src=\"http:\/\/www.dm1mt.de\/wp-content\/uploads\/2018\/09\/IMG_1364-300x225.jpg\" alt=\"\" width=\"1068\" height=\"801\" srcset=\"http:\/\/www.dm1mt.de\/wp-content\/uploads\/2018\/09\/IMG_1364-300x225.jpg 300w, http:\/\/www.dm1mt.de\/wp-content\/uploads\/2018\/09\/IMG_1364-768x576.jpg 768w, http:\/\/www.dm1mt.de\/wp-content\/uploads\/2018\/09\/IMG_1364-1024x768.jpg 1024w, http:\/\/www.dm1mt.de\/wp-content\/uploads\/2018\/09\/IMG_1364-678x509.jpg 678w, http:\/\/www.dm1mt.de\/wp-content\/uploads\/2018\/09\/IMG_1364-326x245.jpg 326w, http:\/\/www.dm1mt.de\/wp-content\/uploads\/2018\/09\/IMG_1364-80x60.jpg 80w, http:\/\/www.dm1mt.de\/wp-content\/uploads\/2018\/09\/IMG_1364.jpg 1632w\" sizes=\"auto, (max-width: 1068px) 100vw, 1068px\" \/><img loading=\"lazy\" decoding=\"async\" class=\"alignnone wp-image-90\" src=\"http:\/\/www.dm1mt.de\/wp-content\/uploads\/2018\/09\/IMG_1365-300x225.jpg\" alt=\"\" width=\"1066\" height=\"799\" srcset=\"http:\/\/www.dm1mt.de\/wp-content\/uploads\/2018\/09\/IMG_1365-300x225.jpg 300w, http:\/\/www.dm1mt.de\/wp-content\/uploads\/2018\/09\/IMG_1365-768x576.jpg 768w, http:\/\/www.dm1mt.de\/wp-content\/uploads\/2018\/09\/IMG_1365-1024x768.jpg 1024w, http:\/\/www.dm1mt.de\/wp-content\/uploads\/2018\/09\/IMG_1365-678x509.jpg 678w, http:\/\/www.dm1mt.de\/wp-content\/uploads\/2018\/09\/IMG_1365-326x245.jpg 326w, http:\/\/www.dm1mt.de\/wp-content\/uploads\/2018\/09\/IMG_1365-80x60.jpg 80w, http:\/\/www.dm1mt.de\/wp-content\/uploads\/2018\/09\/IMG_1365.jpg 1632w\" sizes=\"auto, (max-width: 1066px) 100vw, 1066px\" \/><img loading=\"lazy\" decoding=\"async\" class=\"alignnone wp-image-91\" src=\"http:\/\/www.dm1mt.de\/wp-content\/uploads\/2018\/09\/IMG_1366-300x225.jpg\" alt=\"\" width=\"1064\" height=\"798\" srcset=\"http:\/\/www.dm1mt.de\/wp-content\/uploads\/2018\/09\/IMG_1366-300x225.jpg 300w, http:\/\/www.dm1mt.de\/wp-content\/uploads\/2018\/09\/IMG_1366-768x576.jpg 768w, http:\/\/www.dm1mt.de\/wp-content\/uploads\/2018\/09\/IMG_1366-1024x768.jpg 1024w, http:\/\/www.dm1mt.de\/wp-content\/uploads\/2018\/09\/IMG_1366-678x509.jpg 678w, http:\/\/www.dm1mt.de\/wp-content\/uploads\/2018\/09\/IMG_1366-326x245.jpg 326w, http:\/\/www.dm1mt.de\/wp-content\/uploads\/2018\/09\/IMG_1366-80x60.jpg 80w, http:\/\/www.dm1mt.de\/wp-content\/uploads\/2018\/09\/IMG_1366.jpg 1632w\" sizes=\"auto, (max-width: 1064px) 100vw, 1064px\" \/><\/p>\n","protected":false},"excerpt":{"rendered":"<div class=\"mh-excerpt\"><p>Meine Antennenkonfiguration besteht aus: Optibeam OB9-5 9 Element 5 Band Yagi f\u00fcr 10\/12\/15\/17\/20m Eantenna 40MDY2 2 Element Beam f\u00fcr 40m und einem vern\u00fcnftigen Balun von <a class=\"mh-excerpt-more\" href=\"http:\/\/www.dm1mt.de\/index.php\/antennen\/\" title=\"Antennen\">[&#8230;]<\/a><\/p>\n<\/div>","protected":false},"author":1,"featured_media":0,"parent":0,"menu_order":0,"comment_status":"closed","ping_status":"closed","template":"","meta":{"footnotes":""},"class_list":["post-42","page","type-page","status-publish","hentry"],"_links":{"self":[{"href":"http:\/\/www.dm1mt.de\/index.php\/wp-json\/wp\/v2\/pages\/42","targetHints":{"allow":["GET"]}}],"collection":[{"href":"http:\/\/www.dm1mt.de\/index.php\/wp-json\/wp\/v2\/pages"}],"about":[{"href":"http:\/\/www.dm1mt.de\/index.php\/wp-json\/wp\/v2\/types\/page"}],"author":[{"embeddable":true,"href":"http:\/\/www.dm1mt.de\/index.php\/wp-json\/wp\/v2\/users\/1"}],"replies":[{"embeddable":true,"href":"http:\/\/www.dm1mt.de\/index.php\/wp-json\/wp\/v2\/comments?post=42"}],"version-history":[{"count":19,"href":"http:\/\/www.dm1mt.de\/index.php\/wp-json\/wp\/v2\/pages\/42\/revisions"}],"predecessor-version":[{"id":421,"href":"http:\/\/www.dm1mt.de\/index.php\/wp-json\/wp\/v2\/pages\/42\/revisions\/421"}],"wp:attachment":[{"href":"http:\/\/www.dm1mt.de\/index.php\/wp-json\/wp\/v2\/media?parent=42"}],"curies":[{"name":"wp","href":"https:\/\/api.w.org\/{rel}","templated":true}]}}