{"id":287,"date":"2021-04-15T10:25:26","date_gmt":"2021-04-15T08:25:26","guid":{"rendered":"http:\/\/www.dm1mt.de\/?page_id=287"},"modified":"2021-04-19T07:30:59","modified_gmt":"2021-04-19T05:30:59","slug":"qo-100","status":"publish","type":"page","link":"http:\/\/www.dm1mt.de\/index.php\/qo-100\/","title":{"rendered":"QO-100 Es\u2019hail-2 Sat"},"content":{"rendered":"<h3>Um was geht es?<\/h3>\n<p><b>Es\u2019hail-2<\/b>\u00a0(auch\u00a0<b>Es\u2019hailSat-2<\/b>,\u00a0<a title=\"\" href=\"https:\/\/de.wikipedia.org\/wiki\/Arabische_Sprache\">arabisch<\/a>\u00a0<bdo dir=\"ltr\"><bdi class=\"arabic spanAr\" dir=\"rtl\" lang=\"ar\">\u0633\u0647\u064a\u0644 \u0633\u0627\u062a-2<\/bdi><\/bdo>,\u00a0<a title=\"AMSAT\" href=\"https:\/\/de.wikipedia.org\/wiki\/AMSAT\">AMSAT<\/a>-Bezeichnung:\u00a0<b>AMSAT P4-A<\/b>) ist ein\u00a0<a class=\"mw-redirect\" title=\"Fernsehsatellit\" href=\"https:\/\/de.wikipedia.org\/wiki\/Fernsehsatellit\">Fernseh-<\/a>\u00a0und\u00a0<a title=\"Amateurfunksatellit\" href=\"https:\/\/de.wikipedia.org\/wiki\/Amateurfunksatellit\">Amateurfunksatellit<\/a>\u00a0der\u00a0<i>Es&#8217;hailSat Qatar Satellite Company<\/i>\u00a0aus\u00a0<a title=\"Katar\" href=\"https:\/\/de.wikipedia.org\/wiki\/Katar\">Katar<\/a>. <sup id=\"cite_ref-QSC_1-0\" class=\"reference\"><\/sup>Er ist der erste Amateurfunksatellit in einem\u00a0<a class=\"mw-redirect\" title=\"Geostation\u00e4r\" href=\"https:\/\/de.wikipedia.org\/wiki\/Geostation%C3%A4r\">geostation\u00e4ren<\/a>\u00a0Orbit.<\/p>\n<p>Quelle <a href=\"https:\/\/de.wikipedia.org\/wiki\/Es%E2%80%99hail-2\" target=\"_blank\" rel=\"noopener\">Wikipedia<\/a><\/p>\n<h3>Meine L\u00f6sung<\/h3>\n<p>Es gibt sehr viele M\u00f6glichkeiten auf dem Satelliten QO-100 aka Es\u2019hailSat-2 aka AMSAT P4-A auf Satellitenposition 26 Grad Ost in ca. 38.600km Entfernung Funkbetrieb zu machen. Ich habe einiges ausprobiert, diverse Hardware getestet und m\u00f6chte euch hier meine L\u00f6sungen beschreiben.<\/p>\n<p>Es gibt sicher &#8222;einfachere&#8220; L\u00f6sungsans\u00e4tze aber mein Ansatz ist es eine Bodenstation m\u00f6glichst universell einsetzbar zu bauen. Leider oder auch zum Gl\u00fcck (Gl\u00fcck wenn man gerne selber baut) gibt es wenig &#8222;fertiges&#8220; in Form von Transceivern, wie man es im Kurzwellenbereich oder auf UKW gewohnt ist. Anschlie\u00dfen und geht ist nicht im gewohnten Umfang machbar.<\/p>\n<p>Macht aber nix, muss man halt selber bauen und sich sorgf\u00e4ltig in die Materie einarbeiten. Es gibt ganz viele Seiten im Internet, die als gute Informationsquelle dienen.<\/p>\n<p>Ich selber m\u00f6chte sowohl den Narrow Band Bereich (SSB, CW), digitale Betriebsarten und und den Wideband Bereich DATV f\u00fcr mich erschlie\u00dfen. Es soll alles gehen, was auf QO-100 machbar ist.<\/p>\n<p>Daher habe mich gegen einen Upconverter zum Senden entschieden. Das bedeutet konkret, eine Umsetzung meines Sendesignales mittels einen herk\u00f6mmlichen Transceivers auf die 13cm Uplink Transponderfrequenz mit einem Upconverter war nie Gegenstand meiner Planungen. Das ist aber ganz sicher eine individuelle Entscheidung, ob man traditionell an einem Funkger\u00e4t Betrieb machen m\u00f6chte oder mit einem SDR Transceiver und Computerunterst\u00fctzung arbeiten m\u00f6chte. Da ich schon lange mit SDR Transceivern arbeite, war die Entscheidung f\u00fcr mich nicht schwer.<\/p>\n<p>Ein SDR basiertes System sollte es werden&#8230;.<\/p>\n<h3>QO-100 Groundstation made by DM1MT<\/h3>\n<p><img loading=\"lazy\" decoding=\"async\" class=\"alignnone wp-image-321\" src=\"http:\/\/www.dm1mt.de\/wp-content\/uploads\/2021\/04\/IMG_1095-300x225.jpg\" alt=\"\" width=\"685\" height=\"514\" srcset=\"http:\/\/www.dm1mt.de\/wp-content\/uploads\/2021\/04\/IMG_1095-300x225.jpg 300w, http:\/\/www.dm1mt.de\/wp-content\/uploads\/2021\/04\/IMG_1095-326x245.jpg 326w, http:\/\/www.dm1mt.de\/wp-content\/uploads\/2021\/04\/IMG_1095-80x60.jpg 80w, http:\/\/www.dm1mt.de\/wp-content\/uploads\/2021\/04\/IMG_1095.jpg 640w\" sizes=\"auto, (max-width: 685px) 100vw, 685px\" \/><\/p>\n<h3>Adalm Pluto aka PlutoSDR<\/h3>\n<p>Ich verwende einen modifizierten <a href=\"https:\/\/www.analog.com\/en\/design-center\/evaluation-hardware-and-software\/evaluation-boards-kits\/adalm-pluto.html#\" target=\"_blank\" rel=\"noopener\">Adalm Pluto<\/a>, einen SDR Transceiver der direkt auf 13cm senden kann und das in allen Betriebsarten. Damit entf\u00e4llt in meiner Konfiguration ein Upconverter komplett.<\/p>\n<p><img loading=\"lazy\" decoding=\"async\" class=\"alignnone size-medium wp-image-333 aligncenter\" src=\"http:\/\/www.dm1mt.de\/wp-content\/uploads\/2021\/04\/DeepinBildschirmfoto_Bereich-auswaehlen_20210416110305-236x300.png\" alt=\"\" width=\"236\" height=\"300\" srcset=\"http:\/\/www.dm1mt.de\/wp-content\/uploads\/2021\/04\/DeepinBildschirmfoto_Bereich-auswaehlen_20210416110305-236x300.png 236w, http:\/\/www.dm1mt.de\/wp-content\/uploads\/2021\/04\/DeepinBildschirmfoto_Bereich-auswaehlen_20210416110305.png 321w\" sizes=\"auto, (max-width: 236px) 100vw, 236px\" \/><\/p>\n<p>Leider ist der im Pluto verbaute TCXO f\u00fcr den Einsatz zum Betrieb \u00fcber den QO-100 Satelliten absolut ungeeignet, da er nicht sehr frequenzstabil ist. Der Originale TCXO wurde durch einen frequenzstabilen TCXO ersetzt. Die originale Firmware des Pluto wurde ebenfalls modifiziert, eine <a href=\"https:\/\/wiki.batc.org.uk\/Custom_DATV_Firmware_for_the_Pluto\" target=\"_blank\" rel=\"noopener\">modifizierte Firmware von F5EOE<\/a> kommt zum Einsatz.<\/p>\n<h3>Uplink zu QO-100<\/h3>\n<p>Leider bietet der Pluto am TX Ausgang nur eine sehr geringe Ausgangsleistung an, daher wurde ein Verst\u00e4rkermodul von <a href=\"https:\/\/www.analog.com\/en\/design-center\/reference-designs\/circuits-from-the-lab\/cn0417.html\" target=\"_blank\" rel=\"noopener\">Analog Devices Modell CN-0417<\/a> nachgeschaltet, der das Ausgangssignal um ca. 20db anhebt<\/p>\n<p><img loading=\"lazy\" decoding=\"async\" class=\"size-medium wp-image-331 aligncenter\" src=\"http:\/\/www.dm1mt.de\/wp-content\/uploads\/2021\/04\/DeepinBildschirmfoto_Bereich-auswaehlen_20210416105405-300x156.png\" alt=\"\" width=\"300\" height=\"156\" srcset=\"http:\/\/www.dm1mt.de\/wp-content\/uploads\/2021\/04\/DeepinBildschirmfoto_Bereich-auswaehlen_20210416105405-300x156.png 300w, http:\/\/www.dm1mt.de\/wp-content\/uploads\/2021\/04\/DeepinBildschirmfoto_Bereich-auswaehlen_20210416105405-768x400.png 768w, http:\/\/www.dm1mt.de\/wp-content\/uploads\/2021\/04\/DeepinBildschirmfoto_Bereich-auswaehlen_20210416105405.png 805w\" sizes=\"auto, (max-width: 300px) 100vw, 300px\" \/><\/p>\n<p>Nach dem Verst\u00e4rkermodul CN-0417 steht genug Ausgangsleistung zur Verf\u00fcgung um eine weitere PA von <a href=\"https:\/\/www.sg-lab.com\/AMP2400\/amp2400.html\" target=\"_blank\" rel=\"noopener\">SG Labs<\/a> (max 20W Output bei 28V) aus Bulgarien ansteuern zu k\u00f6nnen.<\/p>\n<p><img loading=\"lazy\" decoding=\"async\" class=\"alignnone wp-image-338 aligncenter\" src=\"http:\/\/www.dm1mt.de\/wp-content\/uploads\/2021\/04\/DeepinBildschirmfoto_Bereich-auswaehlen_20210416112235-300x212.png\" alt=\"\" width=\"504\" height=\"356\" srcset=\"http:\/\/www.dm1mt.de\/wp-content\/uploads\/2021\/04\/DeepinBildschirmfoto_Bereich-auswaehlen_20210416112235-300x212.png 300w, http:\/\/www.dm1mt.de\/wp-content\/uploads\/2021\/04\/DeepinBildschirmfoto_Bereich-auswaehlen_20210416112235-768x543.png 768w, http:\/\/www.dm1mt.de\/wp-content\/uploads\/2021\/04\/DeepinBildschirmfoto_Bereich-auswaehlen_20210416112235.png 912w\" sizes=\"auto, (max-width: 504px) 100vw, 504px\" \/><\/p>\n<p>Das Ausgangssignal geht \u00fcber 5m Aircom Kabel in eine Poty Patch Antenne von <a href=\"https:\/\/www.bamatech.net\/antennen\/\" target=\"_blank\" rel=\"noopener\">Bamatech<\/a> mit angeflanschtem Twin-LNB OPTICUM LTP-04H<br \/>\nDer LNB wurde f\u00fcr den Betrieb mit dem AMSAT DownConverter umgebaut.<\/p>\n<p><img loading=\"lazy\" decoding=\"async\" class=\"alignnone wp-image-341 aligncenter\" src=\"http:\/\/www.dm1mt.de\/wp-content\/uploads\/2021\/04\/DeepinBildschirmfoto_Bereich-auswaehlen_20210416112917-300x260.png\" alt=\"\" width=\"455\" height=\"394\" srcset=\"http:\/\/www.dm1mt.de\/wp-content\/uploads\/2021\/04\/DeepinBildschirmfoto_Bereich-auswaehlen_20210416112917-300x260.png 300w, http:\/\/www.dm1mt.de\/wp-content\/uploads\/2021\/04\/DeepinBildschirmfoto_Bereich-auswaehlen_20210416112917.png 367w\" sizes=\"auto, (max-width: 455px) 100vw, 455px\" \/><\/p>\n<p><img loading=\"lazy\" decoding=\"async\" class=\" wp-image-305 aligncenter\" src=\"http:\/\/www.dm1mt.de\/wp-content\/uploads\/2021\/04\/IMG_1004-225x300.jpg\" alt=\"\" width=\"458\" height=\"611\" srcset=\"http:\/\/www.dm1mt.de\/wp-content\/uploads\/2021\/04\/IMG_1004-225x300.jpg 225w, http:\/\/www.dm1mt.de\/wp-content\/uploads\/2021\/04\/IMG_1004-rotated.jpg 480w\" sizes=\"auto, (max-width: 458px) 100vw, 458px\" \/><\/p>\n<p>Zusammen mit einem 1m Gibertini Aluminium Offset Satellitenspiegel schaut das so bei mir aus.<\/p>\n<p><img loading=\"lazy\" decoding=\"async\" class=\"alignnone wp-image-329 aligncenter\" src=\"http:\/\/www.dm1mt.de\/wp-content\/uploads\/2021\/04\/IMG_1099-300x225.jpg\" alt=\"\" width=\"496\" height=\"372\" srcset=\"http:\/\/www.dm1mt.de\/wp-content\/uploads\/2021\/04\/IMG_1099-300x225.jpg 300w, http:\/\/www.dm1mt.de\/wp-content\/uploads\/2021\/04\/IMG_1099-326x245.jpg 326w, http:\/\/www.dm1mt.de\/wp-content\/uploads\/2021\/04\/IMG_1099-80x60.jpg 80w, http:\/\/www.dm1mt.de\/wp-content\/uploads\/2021\/04\/IMG_1099.jpg 640w\" sizes=\"auto, (max-width: 496px) 100vw, 496px\" \/><\/p>\n<p>&nbsp;<\/p>\n<h3>Downlink vom QO-100<\/h3>\n<p>F\u00fcr den Downlink des Satelliten kommt ein <a href=\"https:\/\/amsat-dl.org\/der-neue-amsat-dl-qo-100-downconverter-v3d\/\" target=\"_blank\" rel=\"noopener\">AMSAT DL Downconverter V3d<\/a> zum Einsatz, der bereits einen GPS Empf\u00e4nger zur Stabilisierung des modifizierten Octagon LNBs integriert hat und mir die M\u00f6glichkeit bietet gleichzeitig den WB Bereich (DATV) und den NB Bereich (SSB, CW, Digitale Betriebsarten)\u00a0 des Satelliten zu nutzen.<\/p>\n<p><img loading=\"lazy\" decoding=\"async\" class=\"alignnone wp-image-354 aligncenter\" src=\"http:\/\/www.dm1mt.de\/wp-content\/uploads\/2021\/04\/DeepinBildschirmfoto_Bereich-auswaehlen_20210416120427-300x171.png\" alt=\"\" width=\"649\" height=\"370\" srcset=\"http:\/\/www.dm1mt.de\/wp-content\/uploads\/2021\/04\/DeepinBildschirmfoto_Bereich-auswaehlen_20210416120427-300x171.png 300w, http:\/\/www.dm1mt.de\/wp-content\/uploads\/2021\/04\/DeepinBildschirmfoto_Bereich-auswaehlen_20210416120427.png 734w\" sizes=\"auto, (max-width: 649px) 100vw, 649px\" \/><\/p>\n<p>&nbsp;<\/p>\n<p>Der AMSAT DL Downconverter V3d kommt als Bausatz und hat nach dem Zusammenbau problemlos funktioniert. Eine super Investition, da der Downconverter alles mitbringt, was man ben\u00f6tigt.<\/p>\n<p>Selbst der 40Mhz Referenztakt f\u00fcr einen PlutoSDR wird bereit gestellt.<\/p>\n<p>Der Downconverter bietet auch die M\u00f6glichkeit die Statusmeldungen auf ein Oled Display auszugeben, das ist zwar nicht zwingend erforderlich aber doch sehr n\u00fctzlich. Ein passendes 1.3&#8243; Oled Display ist nicht im Lieferumfang des Bausatzes enthalten, ist aber ohne Probleme zu bekommen.<\/p>\n<p>Ein paar Bilder des Downconverters und der ersten Versuche mit dem Oled Display<\/p>\n<p><img loading=\"lazy\" decoding=\"async\" class=\"wp-image-312 aligncenter\" src=\"http:\/\/www.dm1mt.de\/wp-content\/uploads\/2021\/04\/IMG_1050-225x300.jpg\" alt=\"\" width=\"594\" height=\"792\" srcset=\"http:\/\/www.dm1mt.de\/wp-content\/uploads\/2021\/04\/IMG_1050-225x300.jpg 225w, http:\/\/www.dm1mt.de\/wp-content\/uploads\/2021\/04\/IMG_1050-rotated.jpg 480w\" sizes=\"auto, (max-width: 594px) 100vw, 594px\" \/><\/p>\n<p>&nbsp;<\/p>\n<p><img loading=\"lazy\" decoding=\"async\" class=\" wp-image-320 aligncenter\" src=\"http:\/\/www.dm1mt.de\/wp-content\/uploads\/2021\/04\/IMG_1092-225x300.jpg\" alt=\"\" width=\"476\" height=\"635\" srcset=\"http:\/\/www.dm1mt.de\/wp-content\/uploads\/2021\/04\/IMG_1092-225x300.jpg 225w, http:\/\/www.dm1mt.de\/wp-content\/uploads\/2021\/04\/IMG_1092-rotated.jpg 480w\" sizes=\"auto, (max-width: 476px) 100vw, 476px\" \/><\/p>\n<p><img loading=\"lazy\" decoding=\"async\" class=\" wp-image-318 aligncenter\" src=\"http:\/\/www.dm1mt.de\/wp-content\/uploads\/2021\/04\/IMG_1063-300x225.jpg\" alt=\"\" width=\"483\" height=\"362\" srcset=\"http:\/\/www.dm1mt.de\/wp-content\/uploads\/2021\/04\/IMG_1063-300x225.jpg 300w, http:\/\/www.dm1mt.de\/wp-content\/uploads\/2021\/04\/IMG_1063-326x245.jpg 326w, http:\/\/www.dm1mt.de\/wp-content\/uploads\/2021\/04\/IMG_1063-80x60.jpg 80w, http:\/\/www.dm1mt.de\/wp-content\/uploads\/2021\/04\/IMG_1063.jpg 640w\" sizes=\"auto, (max-width: 483px) 100vw, 483px\" \/><\/p>\n<p><img loading=\"lazy\" decoding=\"async\" class=\" wp-image-319 aligncenter\" src=\"http:\/\/www.dm1mt.de\/wp-content\/uploads\/2021\/04\/IMG_1064-300x225.jpg\" alt=\"\" width=\"495\" height=\"371\" srcset=\"http:\/\/www.dm1mt.de\/wp-content\/uploads\/2021\/04\/IMG_1064-300x225.jpg 300w, http:\/\/www.dm1mt.de\/wp-content\/uploads\/2021\/04\/IMG_1064-326x245.jpg 326w, http:\/\/www.dm1mt.de\/wp-content\/uploads\/2021\/04\/IMG_1064-80x60.jpg 80w, http:\/\/www.dm1mt.de\/wp-content\/uploads\/2021\/04\/IMG_1064.jpg 640w\" sizes=\"auto, (max-width: 495px) 100vw, 495px\" \/><\/p>\n<h3>DATV Empfang<\/h3>\n<p>Zur Zeit kann ich DATV nur empfangen. An der Sendeseite arbeite ich aktuell.<\/p>\n<p>Als DATV Empf\u00e4nger nutze ich einen <a href=\"http:\/\/sdr.eladit.com\/E-Tiouner\/ELAD%20E-TIOUNER%20Basic%20-%20Short%20User%20Manual%20Rev%201%20EN.pdf\" target=\"_blank\" rel=\"noopener\">Elad Tuner<\/a> der auf dem Minitiouner Projekt von Jean-Pierre Courjaud F6DZP basiert.<\/p>\n<p><img loading=\"lazy\" decoding=\"async\" class=\"alignnone wp-image-358 aligncenter\" src=\"http:\/\/www.dm1mt.de\/wp-content\/uploads\/2021\/04\/DeepinBildschirmfoto_Bereich-auswaehlen_20210416122508-300x165.png\" alt=\"\" width=\"558\" height=\"307\" srcset=\"http:\/\/www.dm1mt.de\/wp-content\/uploads\/2021\/04\/DeepinBildschirmfoto_Bereich-auswaehlen_20210416122508-300x165.png 300w, http:\/\/www.dm1mt.de\/wp-content\/uploads\/2021\/04\/DeepinBildschirmfoto_Bereich-auswaehlen_20210416122508.png 519w\" sizes=\"auto, (max-width: 558px) 100vw, 558px\" \/><\/p>\n<p>Der Elad Tuner arbeitet problemlos \u00fcber USB mit einem Windows 10 Computer mit der Software Scan &amp; Tioune von F6DZP zusammen.<\/p>\n<p>Die DATV Bake von QO-100&#8230;<\/p>\n<p><img loading=\"lazy\" decoding=\"async\" class=\" wp-image-360 aligncenter\" src=\"http:\/\/www.dm1mt.de\/wp-content\/uploads\/2021\/04\/qo-100Bake-300x178.png\" alt=\"\" width=\"710\" height=\"421\" srcset=\"http:\/\/www.dm1mt.de\/wp-content\/uploads\/2021\/04\/qo-100Bake-300x178.png 300w, http:\/\/www.dm1mt.de\/wp-content\/uploads\/2021\/04\/qo-100Bake-1024x609.png 1024w, http:\/\/www.dm1mt.de\/wp-content\/uploads\/2021\/04\/qo-100Bake-768x457.png 768w, http:\/\/www.dm1mt.de\/wp-content\/uploads\/2021\/04\/qo-100Bake-1536x913.png 1536w, http:\/\/www.dm1mt.de\/wp-content\/uploads\/2021\/04\/qo-100Bake.png 1606w\" sizes=\"auto, (max-width: 710px) 100vw, 710px\" \/><\/p>\n<p>Es gibt noch viel zu tun.. demn\u00e4chst kommt eine noch umzubauende Nokia Pa f\u00fcr das DATV Senden zum Einsatz und die Kabelverluste sind auch noch ein Thema.<\/p>\n<p>Langweilig wird es nicht \ud83d\ude09<\/p>\n<p>&nbsp;<\/p>\n","protected":false},"excerpt":{"rendered":"<div class=\"mh-excerpt\"><p>Um was geht es? Es\u2019hail-2\u00a0(auch\u00a0Es\u2019hailSat-2,\u00a0arabisch\u00a0\u0633\u0647\u064a\u0644 \u0633\u0627\u062a-2,\u00a0AMSAT-Bezeichnung:\u00a0AMSAT P4-A) ist ein\u00a0Fernseh-\u00a0und\u00a0Amateurfunksatellit\u00a0der\u00a0Es&#8217;hailSat Qatar Satellite Company\u00a0aus\u00a0Katar. Er ist der erste Amateurfunksatellit in einem\u00a0geostation\u00e4ren\u00a0Orbit. Quelle Wikipedia Meine L\u00f6sung Es gibt <a class=\"mh-excerpt-more\" href=\"http:\/\/www.dm1mt.de\/index.php\/qo-100\/\" title=\"QO-100 Es\u2019hail-2 Sat\">[&#8230;]<\/a><\/p>\n<\/div>","protected":false},"author":1,"featured_media":0,"parent":0,"menu_order":0,"comment_status":"closed","ping_status":"closed","template":"","meta":{"footnotes":""},"class_list":["post-287","page","type-page","status-publish","hentry"],"_links":{"self":[{"href":"http:\/\/www.dm1mt.de\/index.php\/wp-json\/wp\/v2\/pages\/287","targetHints":{"allow":["GET"]}}],"collection":[{"href":"http:\/\/www.dm1mt.de\/index.php\/wp-json\/wp\/v2\/pages"}],"about":[{"href":"http:\/\/www.dm1mt.de\/index.php\/wp-json\/wp\/v2\/types\/page"}],"author":[{"embeddable":true,"href":"http:\/\/www.dm1mt.de\/index.php\/wp-json\/wp\/v2\/users\/1"}],"replies":[{"embeddable":true,"href":"http:\/\/www.dm1mt.de\/index.php\/wp-json\/wp\/v2\/comments?post=287"}],"version-history":[{"count":32,"href":"http:\/\/www.dm1mt.de\/index.php\/wp-json\/wp\/v2\/pages\/287\/revisions"}],"predecessor-version":[{"id":361,"href":"http:\/\/www.dm1mt.de\/index.php\/wp-json\/wp\/v2\/pages\/287\/revisions\/361"}],"wp:attachment":[{"href":"http:\/\/www.dm1mt.de\/index.php\/wp-json\/wp\/v2\/media?parent=287"}],"curies":[{"name":"wp","href":"https:\/\/api.w.org\/{rel}","templated":true}]}}